{"id":511,"date":"2022-11-17T22:12:34","date_gmt":"2022-11-17T22:12:34","guid":{"rendered":"https:\/\/advisorhelp.ee\/avaleht\/"},"modified":"2025-01-23T19:13:42","modified_gmt":"2025-01-23T17:13:42","slug":"avaleht","status":"publish","type":"page","link":"https:\/\/advisorhelp.ee\/et\/","title":{"rendered":"AVALEHT"},"content":{"rendered":"<p>[et_pb_section fb_built=&#8221;1&#8243; fullwidth=&#8221;on&#8221; _builder_version=&#8221;4.9.4&#8243; _module_preset=&#8221;default&#8221; background_color=&#8221;RGBA(0,0,0,0)&#8221;][et_pb_fullwidth_header title=&#8221;Raamatupidamisteenus Eestis&#8221; text_orientation=&#8221;right&#8221; button_one_text=&#8221;Vormista tellimus&#8221; button_one_url=&#8221;https:\/\/advisorhelp.ee\/kontakt\/&#8221; logo_image_url_tablet=&#8221;&#8221; logo_image_url_phone=&#8221;&#8221; logo_image_url_last_edited=&#8221;on|phone&#8221; header_image_url_tablet=&#8221;&#8221; header_image_url_phone=&#8221;https:\/\/advisorhelp.ee\/wp-content\/uploads\/2021\/05\/IMG_1252-1024&#215;683-1-300&#215;200.jpg&#8221; header_image_url_last_edited=&#8221;on|phone&#8221; _builder_version=&#8221;4.9.4&#8243; _module_preset=&#8221;default&#8221; title_text_align=&#8221;right&#8221; title_text_color=&#8221;#4aac56&#8243; subhead_text_color=&#8221;#4aac56&#8243; subhead_font_size=&#8221;25px&#8221; background_color=&#8221;#FFFFFF&#8221; background_image=&#8221;https:\/\/advisorhelp.ee\/wp-content\/uploads\/2022\/02\/adviser.jpg&#8221; custom_button_one=&#8221;on&#8221; button_one_custom_margin=&#8221;284px||0px||false|false&#8221; button_one_custom_margin_tablet=&#8221;&#8221; button_one_custom_margin_phone=&#8221;10px||||false|false&#8221; button_one_custom_margin_last_edited=&#8221;on|phone&#8221; custom_margin=&#8221;||-24px|||&#8221; custom_padding=&#8221;11px||74px||false|false&#8221; background_color_phone=&#8221;#FFFFFF&#8221; background_last_edited=&#8221;on|phone&#8221; background_enable_color_phone=&#8221;on&#8221; background_enable_image_phone=&#8221;off&#8221;]<\/p>\n<p><span style=\"color: #339966;\">* \u00dcldine n\u00f5ustamine ettev\u00f5tluse ja maksustamise kohta Eestis;<\/span><\/p>\n<p><span style=\"color: #339966;\">* Ettev\u00f5tte asutamine, juriidilise aadressi registreerimine ja kontaktisik Eestis;<\/span><\/p>\n<p><span style=\"color: #339966;\">* Korrektselt vormistatud majandusaruande tellimine;<\/span><\/p>\n<p><span style=\"color: #339966;\">* Raamatupidamise toe teenus ja dokumentide usaldamine professionaalile;<\/span><\/p>\n<p><span style=\"color: #339966;\">* Sise- ja v\u00e4lisauditi l\u00e4biviimine ja tugi;<\/span> <span style=\"color: #339966;\">* Abi ettev\u00f5tte likvideerimisel;<\/span><\/p>\n<p><span style=\"color: #339966;\">* Praeguse olukorra finantsm\u00f5\u00f5dikute anal\u00fc\u00fcs<\/span><\/p>\n<p>[\/et_pb_fullwidth_header][\/et_pb_section][et_pb_section fb_built=&#8221;1&#8243; _builder_version=&#8221;4.9.4&#8243; _module_preset=&#8221;default&#8221;][et_pb_row _builder_version=&#8221;4.9.4&#8243; _module_preset=&#8221;default&#8221;][et_pb_column type=&#8221;4_4&#8243; _builder_version=&#8221;4.9.4&#8243; _module_preset=&#8221;default&#8221;][et_pb_text _builder_version=&#8221;4.9.4&#8243; _module_preset=&#8221;default&#8221;]<\/p>\n<p>Sageli tundub, et uue projekti lansseerimisel saad ise k\u00f5igega hakkama ilma sisseostetud\u00a0raamatupidamisteenuseta.<\/p>\n<p>Kuid on v\u00f5imatu \u00fcle\u00f6\u00f6 aru saada ning tutvuda riigi raamatupidamise ja maksudega seotud aspektidega. On ebameeldiv olukord, kui tuleb tegeleda trahvide, intressidega ja hilinenud maksudega. Lisaks on igal valdkonnal oma spetsiifika, n\u00e4iteks, digikaubanduse maksun\u00fcansid erinevad tavap\u00e4rastest. Lisaks sellele, tuleb arvestada, et raamatupidamise ja maksustamise seadusandlus Eestis on igal aastal muutunud viimase 10 aasta jooksul, ning neid muudatusi tuleb t\u00e4helepanelikult j\u00e4lgida.<\/p>\n<p style=\"text-align: left;\">Seet\u00f5ttu juba \u00fcle k\u00fcmne aasta on ettev\u00f5tjad delegeerinud meile oma ettev\u00f5tete raamatupidamise, koos selle keerukuse ja n\u00fcansidega, ning ise panustavad oma ajaresurssi vaid sellele, mis toob ettev\u00f5ttesse kasumi. Ma nimetan seda t\u00f5husaks planeerimiseks.<\/p>\n<p>[\/et_pb_text][et_pb_text _builder_version=&#8221;4.9.4&#8243; _module_preset=&#8221;default&#8221; hover_enabled=&#8221;0&#8243; sticky_enabled=&#8221;0&#8243;]<\/p>\n<h2>MEIE PARTNERID<\/h2>\n<h2><a href=\"https:\/\/marketplace.e-resident.gov.ee\/company\/advisor-help?fbclid=IwAR0-d84mvAQLLX35cnoYf4lJANJy1wSUZIZA9ZyX-7hSn5jBYpwYNkaUElI\"><img loading=\"lazy\" decoding=\"async\" class=\"wp-image-352 alignnone size-medium\" style=\"font-size: 26px;\" src=\"https:\/\/advisorhelp.ee\/wp-content\/uploads\/2022\/01\/e-ResidencyMM_logo_outline-300x113.png\" alt=\"e-Residency\" width=\"300\" height=\"113\" \/><\/a><\/h2>\n<p><span style=\"font-size: small;\">E-Residency Marketplace pakub baasinformatsiooni kontrollitud ja usaldusv\u00e4\u00e4rsete teenusepakkujate kohta E-Residentsuse \u00f6kos\u00fcsteemis, et toetada E-Residente Teie ettev\u00f5tte asutamisel ja kasvatamisel. E-Residentsus loob partnerlussuhteid Eesti ja rahvusvaheliste ettev\u00f5tete vahel &#8211; teenusepakkujatest strateegiliste partneriteni &#8211; selleks et stimuleerida Eesti \u00f6kos\u00fcsteemi ja majanduse kasvu.\u00a0<\/span><\/p>\n<p>e-residency numbrites on <a href=\"https:\/\/www.e-resident.gov.ee\/dashboard\">siin<\/a><\/p>\n<p><strong><a href=\"https:\/\/www.swedbank.ee\/business\/d2d\/accounts\/open\">Swedbank<\/a> &#8211; <em>Eesti pank, keda me usaldame finatstehingutes.<\/em><\/strong><\/p>\n<p><strong><a href=\"https:\/\/wise.com\/gb\/business\/\">WISE<\/a> and <a href=\"https:\/\/www.revolut.com\/en-EE\/business\/business-account\">REVOLUT<\/a>\u2014 <em>Finantsettev\u00f5tted, keda me usaldame finantstehingutes.<\/em><\/strong> [\/et_pb_text][\/et_pb_column][\/et_pb_row][\/et_pb_section]<\/p>\n","protected":false},"excerpt":{"rendered":"<p>[et_pb_section fb_built=&#8221;1&#8243; fullwidth=&#8221;on&#8221; _builder_version=&#8221;4.9.4&#8243; _module_preset=&#8221;default&#8221; background_color=&#8221;RGBA(0,0,0,0)&#8221;][et_pb_fullwidth_header title=&#8221;Raamatupidamisteenus Eestis&#8221; text_orientation=&#8221;right&#8221; button_one_text=&#8221;Vormista tellimus&#8221; button_one_url=&#8221;https:\/\/advisorhelp.ee\/kontakt\/&#8221; logo_image_url_tablet=&#8221;&#8221; logo_image_url_phone=&#8221;&#8221; logo_image_url_last_edited=&#8221;on|phone&#8221; header_image_url_tablet=&#8221;&#8221; header_image_url_phone=&#8221;https:\/\/advisorhelp.ee\/wp-content\/uploads\/2021\/05\/IMG_1252-1024&#215;683-1-300&#215;200.jpg&#8221; header_image_url_last_edited=&#8221;on|phone&#8221; _builder_version=&#8221;4.9.4&#8243; _module_preset=&#8221;default&#8221; title_text_align=&#8221;right&#8221; title_text_color=&#8221;#4aac56&#8243; subhead_text_color=&#8221;#4aac56&#8243; subhead_font_size=&#8221;25px&#8221; background_color=&#8221;#FFFFFF&#8221; background_image=&#8221;https:\/\/advisorhelp.ee\/wp-content\/uploads\/2022\/02\/adviser.jpg&#8221; custom_button_one=&#8221;on&#8221; button_one_custom_margin=&#8221;284px||0px||false|false&#8221; button_one_custom_margin_tablet=&#8221;&#8221; button_one_custom_margin_phone=&#8221;10px||||false|false&#8221; button_one_custom_margin_last_edited=&#8221;on|phone&#8221; custom_margin=&#8221;||-24px|||&#8221; custom_padding=&#8221;11px||74px||false|false&#8221; background_color_phone=&#8221;#FFFFFF&#8221; background_last_edited=&#8221;on|phone&#8221; background_enable_color_phone=&#8221;on&#8221; background_enable_image_phone=&#8221;off&#8221;] * \u00dcldine n\u00f5ustamine ettev\u00f5tluse ja maksustamise kohta Eestis; * Ettev\u00f5tte asutamine, juriidilise aadressi registreerimine ja kontaktisik Eestis; * [&hellip;]<\/p>\n","protected":false},"author":1,"featured_media":199,"parent":0,"menu_order":0,"comment_status":"closed","ping_status":"closed","template":"","meta":{"_et_pb_use_builder":"on","_et_pb_old_content":"","_et_gb_content_width":"","om_disable_all_campaigns":false,"_monsterinsights_skip_tracking":false,"_monsterinsights_sitenote_active":false,"_monsterinsights_sitenote_note":"","_monsterinsights_sitenote_category":0,"footnotes":""},"class_list":["post-511","page","type-page","status-publish","has-post-thumbnail","hentry"],"_links":{"self":[{"href":"https:\/\/advisorhelp.ee\/et\/wp-json\/wp\/v2\/pages\/511","targetHints":{"allow":["GET"]}}],"collection":[{"href":"https:\/\/advisorhelp.ee\/et\/wp-json\/wp\/v2\/pages"}],"about":[{"href":"https:\/\/advisorhelp.ee\/et\/wp-json\/wp\/v2\/types\/page"}],"author":[{"embeddable":true,"href":"https:\/\/advisorhelp.ee\/et\/wp-json\/wp\/v2\/users\/1"}],"replies":[{"embeddable":true,"href":"https:\/\/advisorhelp.ee\/et\/wp-json\/wp\/v2\/comments?post=511"}],"version-history":[{"count":1,"href":"https:\/\/advisorhelp.ee\/et\/wp-json\/wp\/v2\/pages\/511\/revisions"}],"predecessor-version":[{"id":791,"href":"https:\/\/advisorhelp.ee\/et\/wp-json\/wp\/v2\/pages\/511\/revisions\/791"}],"wp:featuredmedia":[{"embeddable":true,"href":"https:\/\/advisorhelp.ee\/et\/wp-json\/wp\/v2\/media\/199"}],"wp:attachment":[{"href":"https:\/\/advisorhelp.ee\/et\/wp-json\/wp\/v2\/media?parent=511"}],"curies":[{"name":"wp","href":"https:\/\/api.w.org\/{rel}","templated":true}]}}