{"id":510,"date":"2022-11-17T21:58:37","date_gmt":"2022-11-17T21:58:37","guid":{"rendered":"https:\/\/advisorhelp.ee\/hinnakiri\/"},"modified":"2025-06-18T11:41:37","modified_gmt":"2025-06-18T08:41:37","slug":"hinnakiri","status":"publish","type":"page","link":"https:\/\/advisorhelp.ee\/et\/hinnakiri\/","title":{"rendered":"Hinnakiri"},"content":{"rendered":"<p>[et_pb_section fb_built=&#8221;1&#8243; _builder_version=&#8221;4.9.4&#8243; _module_preset=&#8221;default&#8221;][et_pb_row _builder_version=&#8221;4.9.4&#8243; _module_preset=&#8221;default&#8221;][et_pb_column type=&#8221;4_4&#8243; _builder_version=&#8221;4.9.4&#8243; _module_preset=&#8221;default&#8221;][et_pb_post_title meta=&#8221;off&#8221; featured_image=&#8221;off&#8221; _builder_version=&#8221;4.9.4&#8243; _module_preset=&#8221;default&#8221;][\/et_pb_post_title][et_pb_code _builder_version=&#8221;4.9.4&#8243; _module_preset=&#8221;default&#8221;]<div class=\"supsystic-table-loader la-ball-circus la-2x\" style=\"color:#398442\"><div><\/div><div><\/div><div><\/div><div><\/div><div><\/div><\/div><div id=\"supsystic-table-6_92783\" class=\"supsystic-tables-wrap \" style=\" width:100%; visibility: hidden; \" data-table-width-fixed=\"100%\" data-table-width-mobile=\"100%\" ><table id=\"supsystic-table-6\" class=\"supsystic-table compact ColWithMergeCellsAlign border stripe hover order-column lightboxImg no-border\" data-id=\"6\" data-view-id=\"6_92783\" data-title=\"Hinnakiri\" data-currency-format=\"\u20ac1,000.00\" data-percent-format=\"10.00%\" data-date-format=\"DD.MM.YYYY\" data-time-format=\"HH:mm\" data-features=\"[&quot;after_table_loaded_script&quot;]\" data-search-value=\"\" data-lightbox-img=\"\" data-head-rows-count=\"1\" data-pagination-length=\"50,100,All\" data-auto-index=\"off\" data-searching-settings=\"{&quot;columnSearchPosition&quot;:&quot;bottom&quot;,&quot;minChars&quot;:&quot;0&quot;}\" data-lang=\"Russian\" data-override=\"{&quot;emptyTable&quot;:&quot;&quot;,&quot;info&quot;:&quot;&quot;,&quot;infoEmpty&quot;:&quot;&quot;,&quot;infoFiltered&quot;:&quot;&quot;,&quot;lengthMenu&quot;:&quot;&quot;,&quot;search&quot;:&quot;&quot;,&quot;previous&quot;:&quot;&quot;,&quot;next&quot;:&quot;&quot;,&quot;zeroRecords&quot;:&quot;&quot;,&quot;exportLabel&quot;:&quot;&quot;,&quot;file&quot;:&quot;Russian&quot;}\" data-merged=\"[{&quot;col&quot;:1,&quot;colspan&quot;:1,&quot;row&quot;:6,&quot;rowspan&quot;:12}]\" data-responsive-mode=\"0\" data-from-history=\"0\" ><thead><tr><th class=\"\" style=\"width:; padding: 0 !important;\"><\/th><th class=\"\" style=\"width:; padding: 0 !important;\"><\/th><\/tr><\/thead><tbody><tr style=\"height:px\" ><td data-cell-id=\"A1\" data-x=\"0\" data-y=\"1\" data-db-index=\"1\" class=\"bold color-398442\" data-cell-type=\"text\" data-original-value=\"Teenuse nimi\" data-order=\"Teenuse nimi\" style=\"min-width:74.4%; \" >Teenuse nimi <\/td><td data-cell-id=\"B1\" data-x=\"1\" data-y=\"1\" data-db-index=\"1\" class=\"bold htCenter color-398442\" data-cell-type=\"text\" data-original-value=\"Hind, \u20ac\" data-order=\"Hind, \u20ac\" style=\"min-width:25.6%; \" >Hind, \u20ac <\/td><\/tr><tr style=\"height:px\" ><td data-cell-id=\"A2\" data-x=\"0\" data-y=\"2\" data-db-index=\"2\" class=\"color-398442\" data-cell-type=\"text\" data-original-value=\"Konsulteerimine (1 tund)\" data-order=\"Konsulteerimine (1 tund)\" >Konsulteerimine (1 tund) <\/td><td data-cell-id=\"B2\" data-x=\"1\" data-y=\"2\" data-db-index=\"2\" class=\"htCenter color-398442\" data-cell-type=\"text\" data-cell-format-type=\"number\" data-original-value=\"100 EUR internetis\" data-order=\"100 EUR internetis\" >100 EUR internetis <\/td><\/tr><tr style=\"height:px\" ><td data-cell-id=\"A3\" data-x=\"0\" data-y=\"3\" data-db-index=\"3\" class=\"color-398442\" data-cell-type=\"text\" data-original-value=\"Ettev\u00f5tte asutamine, teenus ainult\" data-order=\"Ettev\u00f5tte asutamine, teenus ainult\" >Ettev\u00f5tte asutamine, teenus ainult <\/td><td data-cell-id=\"B3\" data-x=\"1\" data-y=\"3\" data-db-index=\"3\" class=\"htCenter color-398442\" data-cell-type=\"text\" data-cell-format-type=\"number\" data-original-value=\"120 EUR\" data-order=\"120 EUR\" >120 EUR <\/td><\/tr><tr style=\"height:px\" ><td data-cell-id=\"A4\" data-x=\"0\" data-y=\"4\" data-db-index=\"4\" class=\"color-398442\" data-cell-type=\"text\" data-original-value=\"Kontaktisik ja juriidiline aadress Eestis\" data-order=\"Kontaktisik ja juriidiline aadress Eestis\" >Kontaktisik ja juriidiline aadress Eestis <\/td><td data-cell-id=\"B4\" data-x=\"1\" data-y=\"4\" data-db-index=\"4\" class=\"htCenter color-398442\" data-cell-type=\"text\" data-cell-format-type=\"number\" data-original-value=\"120 eurot aastas, minimaalne periood 5 aastat\" data-order=\"120 eurot aastas, minimaalne periood 5 aastat\" >120 eurot aastas, minimaalne periood 5 aastat <\/td><\/tr><tr style=\"height:px\" ><td data-cell-id=\"A5\" data-x=\"0\" data-y=\"5\" data-db-index=\"5\" class=\"color-398442\" data-cell-type=\"text\" data-original-value=\"Majandusaasta aruanne \u00c4riregistris\" data-order=\"Majandusaasta aruanne \u00c4riregistris\" >Majandusaasta aruanne \u00c4riregistris <\/td><td data-cell-id=\"B5\" data-x=\"1\" data-y=\"5\" data-db-index=\"5\" class=\"htCenter color-398442\" data-cell-type=\"text\" data-cell-format-type=\"number\" data-original-value=\"alates 120 EUR, olenevalt andmete hulgast\" data-order=\"alates 120 EUR, olenevalt andmete hulgast\" >alates 120 EUR, olenevalt andmete hulgast <\/td><\/tr><tr style=\"height:px\" ><td data-cell-id=\"A6\" data-x=\"0\" data-y=\"6\" data-db-index=\"6\" class=\"color-398442\" data-cell-type=\"text\" data-original-value=\"Ettev\u00f5tluse kompleksne igakuine teenindus sisaldab: \u00e4riasjade n\u00f5ustamist, raamatupidamist, maksuarvestust, palgaarvestust, TSD deklaratsiooni, KMD deklaratsiooni, VD deklaratsiooni, OSS deklaratsiooni, t\u00f6\u00f6d EMTA ja \u00e4riregistri veebilehtedega, statistikat, Eesti Panga aruandeid\" data-order=\"Ettev\u00f5tluse kompleksne igakuine teenindus sisaldab: \u00e4riasjade n\u00f5ustamist, raamatupidamist, maksuarvestust, palgaarvestust, TSD deklaratsiooni, KMD deklaratsiooni, VD deklaratsiooni, OSS deklaratsiooni, t\u00f6\u00f6d EMTA ja \u00e4riregistri veebilehtedega, statistikat, Eesti Panga aruandeid\" >Ettev\u00f5tluse kompleksne igakuine teenindus sisaldab: \u00e4riasjade n\u00f5ustamist, raamatupidamist, maksuarvestust, palgaarvestust, TSD deklaratsiooni, KMD deklaratsiooni, VD deklaratsiooni, OSS deklaratsiooni, t\u00f6\u00f6d EMTA ja \u00e4riregistri veebilehtedega, statistikat, Eesti Panga aruandeid <\/td><td data-cell-id=\"B6\" data-x=\"1\" data-y=\"6\" data-db-index=\"6\" class=\"color-398442 htCenter\" data-cell-type=\"text\" data-cell-format-type=\"number\" data-original-value=\"alates 150 EUR, olenevalt ettev\u00f5ttest\" data-order=\"alates 150 EUR, olenevalt ettev\u00f5ttest\" >alates 150 EUR, olenevalt ettev\u00f5ttest <\/td><\/tr><tr style=\"height:px\" ><td data-cell-id=\"A7\" data-x=\"0\" data-y=\"7\" data-db-index=\"7\" class=\"color-398442\" data-cell-type=\"text\" data-original-value=\"Taotlus ettev\u00f5tte nime, juriidilise asukoha muutmiseks v\u00f5i muude toimingutetegemiseks \u00c4riregistris, KMKR - VAT-, EORI numbri-, t\u00f6\u00f6 registreerimine\" data-order=\"Taotlus ettev\u00f5tte nime, juriidilise asukoha muutmiseks v\u00f5i muude toimingutetegemiseks \u00c4riregistris, KMKR - VAT-, EORI numbri-, t\u00f6\u00f6 registreerimine\" >Taotlus ettev\u00f5tte nime, juriidilise asukoha muutmiseks v\u00f5i muude toimingutetegemiseks \u00c4riregistris, KMKR - VAT-, EORI numbri-, t\u00f6\u00f6 registreerimine <\/td><td data-cell-id=\"B7\" data-x=\"1\" data-y=\"7\" data-db-index=\"7\" class=\"htCenter color-398442 htMiddle\" data-cell-type=\"text\" data-cell-format-type=\"number\" data-original-value=\"n\u00f5udmisel\" data-order=\"n\u00f5udmisel\" data-colspan=\"1\" data-rowspan=\"12\" >n\u00f5udmisel <\/td><\/tr><tr style=\"height:px\" ><td data-cell-id=\"A8\" data-x=\"0\" data-y=\"8\" data-db-index=\"8\" class=\"color-398442\" data-cell-type=\"text\" data-original-value=\"Registrisse ennistamine p\u00e4rast kustutamist \u00c4riregistris\" data-order=\"Registrisse ennistamine p\u00e4rast kustutamist \u00c4riregistris\" >Registrisse ennistamine p\u00e4rast kustutamist \u00c4riregistris <\/td><td data-cell-id=\"B8\" data-x=\"1\" data-y=\"8\" data-db-index=\"8\" class=\"htCenter color-398442 htMiddle\" data-cell-type=\"text\" data-cell-format-type=\"number\" data-original-value=\"\" data-order=\"\" data-hide=\"true\" ><\/td><\/tr><tr style=\"height:px\" ><td data-cell-id=\"A9\" data-x=\"0\" data-y=\"9\" data-db-index=\"9\" class=\"color-398442\" data-cell-type=\"text\" data-original-value=\"Osa\u00fchingu kapitali muutmine \u00c4riregistris\" data-order=\"Osa\u00fchingu kapitali muutmine \u00c4riregistris\" >Osa\u00fchingu kapitali muutmine \u00c4riregistris <\/td><td data-cell-id=\"B9\" data-x=\"1\" data-y=\"9\" data-db-index=\"9\" class=\"htCenter color-398442 htMiddle\" data-cell-type=\"text\" data-cell-format-type=\"number\" data-original-value=\"\" data-order=\"\" data-hide=\"true\" ><\/td><\/tr><tr style=\"height:px\" ><td data-cell-id=\"A10\" data-x=\"0\" data-y=\"10\" data-db-index=\"10\" class=\"color-398442\" data-cell-type=\"text\" data-original-value=\"T\u00f6\u00f6- ja muude lepingute koostamine\" data-order=\"T\u00f6\u00f6- ja muude lepingute koostamine\" >T\u00f6\u00f6- ja muude lepingute koostamine <\/td><td data-cell-id=\"B10\" data-x=\"1\" data-y=\"10\" data-db-index=\"10\" class=\"htCenter color-398442 htMiddle\" data-cell-type=\"text\" data-cell-format-type=\"number\" data-original-value=\"\" data-order=\"\" data-hide=\"true\" ><\/td><\/tr><tr style=\"height:px\" ><td data-cell-id=\"A11\" data-x=\"0\" data-y=\"11\" data-db-index=\"11\" class=\"color-398442\" data-cell-type=\"text\" data-original-value=\"Juhatuse liige muutmine \u00c4riregistris\" data-order=\"Juhatuse liige muutmine \u00c4riregistris\" >Juhatuse liige muutmine \u00c4riregistris <\/td><td data-cell-id=\"B11\" data-x=\"1\" data-y=\"11\" data-db-index=\"11\" class=\"htCenter color-398442 htMiddle\" data-cell-type=\"text\" data-cell-format-type=\"number\" data-original-value=\"\" data-order=\"\" data-hide=\"true\" ><\/td><\/tr><tr style=\"height:px\" ><td data-cell-id=\"A12\" data-x=\"0\" data-y=\"12\" data-db-index=\"12\" class=\"color-398442\" data-cell-type=\"text\" data-original-value=\"Haldusdokumentide koostamine\" data-order=\"Haldusdokumentide koostamine\" >Haldusdokumentide koostamine <\/td><td data-cell-id=\"B12\" data-x=\"1\" data-y=\"12\" data-db-index=\"12\" class=\"htCenter color-398442 htMiddle\" data-cell-type=\"text\" data-cell-format-type=\"number\" data-original-value=\"\" data-order=\"\" data-hide=\"true\" ><\/td><\/tr><tr style=\"height:px\" ><td data-cell-id=\"A13\" data-x=\"0\" data-y=\"13\" data-db-index=\"13\" class=\"color-398442\" data-cell-type=\"text\" data-original-value=\"Andmebaasi taastamine ja struktuur\" data-order=\"Andmebaasi taastamine ja struktuur\" >Andmebaasi taastamine ja struktuur <\/td><td data-cell-id=\"B13\" data-x=\"1\" data-y=\"13\" data-db-index=\"13\" class=\"htCenter color-398442 htMiddle\" data-cell-type=\"text\" data-cell-format-type=\"number\" data-original-value=\"\" data-order=\"\" data-hide=\"true\" ><\/td><\/tr><tr style=\"height:px\" ><td data-cell-id=\"A14\" data-x=\"0\" data-y=\"14\" data-db-index=\"14\" class=\"color-398442\" data-cell-type=\"text\" data-original-value=\"Auditi kompleksi tugi, konsolideerimine\" data-order=\"Auditi kompleksi tugi, konsolideerimine\" >Auditi kompleksi tugi, konsolideerimine <\/td><td data-cell-id=\"B14\" data-x=\"1\" data-y=\"14\" data-db-index=\"14\" class=\"htCenter color-398442 htMiddle\" data-cell-type=\"text\" data-cell-format-type=\"number\" data-original-value=\"\" data-order=\"\" data-hide=\"true\" ><\/td><\/tr><tr style=\"height:px\" ><td data-cell-id=\"A15\" data-x=\"0\" data-y=\"15\" data-db-index=\"15\" class=\"color-398442\" data-cell-type=\"text\" data-original-value=\"Likvideerimise Bilanss ja protseduurid\" data-order=\"Likvideerimise Bilanss ja protseduurid\" >Likvideerimise Bilanss ja protseduurid <\/td><td data-cell-id=\"B15\" data-x=\"1\" data-y=\"15\" data-db-index=\"15\" class=\"htCenter color-398442 htMiddle\" data-cell-type=\"text\" data-cell-format-type=\"number\" data-original-value=\"\" data-order=\"\" data-hide=\"true\" ><\/td><\/tr><tr style=\"height:px\" ><td data-cell-id=\"A16\" data-x=\"0\" data-y=\"16\" data-db-index=\"16\" class=\"color-398442\" data-cell-type=\"text\" data-original-value=\"Coaching\" data-order=\"Coaching\" >Coaching <\/td><td data-cell-id=\"B16\" data-x=\"1\" data-y=\"16\" data-db-index=\"16\" class=\"htCenter color-398442 htMiddle\" data-cell-type=\"text\" data-cell-format-type=\"number\" data-original-value=\"\" data-order=\"\" data-hide=\"true\" ><\/td><\/tr><tr style=\"height:px\" ><td data-cell-id=\"A17\" data-x=\"0\" data-y=\"17\" data-db-index=\"17\" class=\"color-398442\" data-cell-type=\"text\" data-original-value=\"Tegevusaadress\" data-order=\"Tegevusaadress\" >Tegevusaadress <\/td><td data-cell-id=\"B17\" data-x=\"1\" data-y=\"17\" data-db-index=\"17\" class=\"htCenter color-398442 htMiddle\" data-cell-type=\"text\" data-cell-format-type=\"number\" data-original-value=\"\" data-order=\"\" data-hide=\"true\" ><\/td><\/tr><tr style=\"height:px\" ><td data-cell-id=\"A18\" data-x=\"0\" data-y=\"18\" data-db-index=\"18\" class=\"color-398442\" data-cell-type=\"text\" data-original-value=\"T\u00f6\u00f6 MTR-iga, litsentsi registreerimine\" data-order=\"T\u00f6\u00f6 MTR-iga, litsentsi registreerimine\" >T\u00f6\u00f6 MTR-iga, litsentsi registreerimine <\/td><td data-cell-id=\"B18\" data-x=\"1\" data-y=\"18\" data-db-index=\"18\" class=\"htCenter color-398442 htMiddle\" data-cell-type=\"text\" data-cell-format-type=\"number\" data-original-value=\"\" data-order=\"\" data-hide=\"true\" ><\/td><\/tr><\/tbody><\/table><!-- \/#supsystic-table-6.supsystic-table --><div class=\"table-signature\">* K\u00e4ibemaksuvaba ** Teenuste maksumus ei sisalda notari kulusid ja riigil\u00f5ivikulud<\/div><\/div><!-- \/.supsystic-tables-wrap --><!-- Tables Generator by Supsystic --><!-- Version:1.10.37 --><!-- http:\/\/supsystic.com\/ --><a title=\"WP Table Builder\" style=\"display:none;\" href=\"https:\/\/supsystic.com\/plugins\/wordpress-data-table-plugin\/?utm_medium=love_link\" target=\"_blank\">WP Table Builder<\/a>[\/et_pb_code][et_pb_text _builder_version=&#8221;4.9.4&#8243; _module_preset=&#8221;default&#8221;]<\/p>\n<p><b>Igakuise raamatupidamistoe teenuse maksumus m\u00e4\u00e4ratakse individuaalselt s\u00f5lmitud teenuse<br \/>\nosutamise lepingus.<\/b><\/p>\n<p><b>Kui olete huvitatud andmebaasi taastamisest, raamatupidamise struktureerimisest ja seadistamisest, v\u00f5i konsolideerimisest, v\u00f5i raamatupidamise auditiks ettevalmistamisest, siis palun eelnevalt teavitada t\u00f6\u00f6de mahust ja tingimustest.<\/b><\/p>\n<p><b>Ettev\u00f5tte likvideerimisel pakutakse teile firma likvideerijat ja likvideerimisaruanne teenust. T\u00e4helepanu, et likvideerimismenetlus v\u00f5ib kauem kui 9 kuud vastavalt \u00c4riregistri vormistamisprotsessi normidele ja reeglitele.<\/b><\/p>\n<p><b><a href=\"mailto:info@advisorhelp.ee\"><span id=\"et-info-email\">info@advisorhelp.ee<\/span><\/a><\/b><\/p>\n<p>[\/et_pb_text][\/et_pb_column][\/et_pb_row][\/et_pb_section]<\/p>\n","protected":false},"excerpt":{"rendered":"<p>[et_pb_section fb_built=&#8221;1&#8243; _builder_version=&#8221;4.9.4&#8243; _module_preset=&#8221;default&#8221;][et_pb_row _builder_version=&#8221;4.9.4&#8243; _module_preset=&#8221;default&#8221;][et_pb_column type=&#8221;4_4&#8243; _builder_version=&#8221;4.9.4&#8243; _module_preset=&#8221;default&#8221;][et_pb_post_title meta=&#8221;off&#8221; featured_image=&#8221;off&#8221; _builder_version=&#8221;4.9.4&#8243; _module_preset=&#8221;default&#8221;][\/et_pb_post_title][et_pb_code _builder_version=&#8221;4.9.4&#8243; _module_preset=&#8221;default&#8221;][\/et_pb_code][et_pb_text _builder_version=&#8221;4.9.4&#8243; _module_preset=&#8221;default&#8221;] Igakuise raamatupidamistoe teenuse maksumus m\u00e4\u00e4ratakse individuaalselt s\u00f5lmitud teenuse osutamise lepingus. Kui olete huvitatud andmebaasi taastamisest, raamatupidamise struktureerimisest ja seadistamisest, v\u00f5i konsolideerimisest, v\u00f5i raamatupidamise auditiks ettevalmistamisest, siis palun eelnevalt teavitada t\u00f6\u00f6de mahust ja tingimustest. Ettev\u00f5tte likvideerimisel pakutakse teile firma [&hellip;]<\/p>\n","protected":false},"author":1,"featured_media":199,"parent":0,"menu_order":0,"comment_status":"closed","ping_status":"closed","template":"","meta":{"_et_pb_use_builder":"on","_et_pb_old_content":"","_et_gb_content_width":"","om_disable_all_campaigns":false,"_monsterinsights_skip_tracking":false,"_monsterinsights_sitenote_active":false,"_monsterinsights_sitenote_note":"","_monsterinsights_sitenote_category":0,"footnotes":""},"class_list":["post-510","page","type-page","status-publish","has-post-thumbnail","hentry"],"_links":{"self":[{"href":"https:\/\/advisorhelp.ee\/et\/wp-json\/wp\/v2\/pages\/510","targetHints":{"allow":["GET"]}}],"collection":[{"href":"https:\/\/advisorhelp.ee\/et\/wp-json\/wp\/v2\/pages"}],"about":[{"href":"https:\/\/advisorhelp.ee\/et\/wp-json\/wp\/v2\/types\/page"}],"author":[{"embeddable":true,"href":"https:\/\/advisorhelp.ee\/et\/wp-json\/wp\/v2\/users\/1"}],"replies":[{"embeddable":true,"href":"https:\/\/advisorhelp.ee\/et\/wp-json\/wp\/v2\/comments?post=510"}],"version-history":[{"count":1,"href":"https:\/\/advisorhelp.ee\/et\/wp-json\/wp\/v2\/pages\/510\/revisions"}],"predecessor-version":[{"id":796,"href":"https:\/\/advisorhelp.ee\/et\/wp-json\/wp\/v2\/pages\/510\/revisions\/796"}],"wp:featuredmedia":[{"embeddable":true,"href":"https:\/\/advisorhelp.ee\/et\/wp-json\/wp\/v2\/media\/199"}],"wp:attachment":[{"href":"https:\/\/advisorhelp.ee\/et\/wp-json\/wp\/v2\/media?parent=510"}],"curies":[{"name":"wp","href":"https:\/\/api.w.org\/{rel}","templated":true}]}}